{"id":88,"date":"2012-07-14T09:54:28","date_gmt":"2012-07-14T07:54:28","guid":{"rendered":"http:\/\/www.wobblies-kassel.de\/?page_id=88"},"modified":"2012-07-16T20:06:09","modified_gmt":"2012-07-16T18:06:09","slug":"neuigkeiten-wobblies","status":"publish","type":"page","link":"https:\/\/www.wobblies-kassel.de\/?page_id=88","title":{"rendered":"Wobblie World"},"content":{"rendered":"<ul>\n<li id=\"rss-2\">\n<h3><a title=\"Den Inhalt auslesen\" href=\"http:\/\/www.wobblies.de\/?feed=rss2\"><img loading=\"lazy\" decoding=\"async\" src=\"http:\/\/s.wordpress.com\/wp-includes\/images\/rss.png?m=1144196147g\" alt=\"RSS\" width=\"14\" height=\"14\" \/><\/a> <a href=\"http:\/\/www.wobblies.de\/\" target=\"_blank\">IWW-News deutsch<\/a><\/h3>\n<ul>\n<li><a href=\"http:\/\/www.wobblies.de\/?p=1949\" target=\"_blank\">Die vergessene Geschichte des Organizing<\/a>\n<div>Wobblies und radikale deutsche Bierbrauer in den USA<\/div>\n<\/li>\n<li><a title=\"\" href=\"http:\/\/www.wobblies.de\/?p=1940\" target=\"_blank\">Solidarischer Unionismus im 21. Jh.<\/a><\/li>\n<li><a title=\"\" href=\"http:\/\/www.wobblies.de\/?p=1938\" target=\"_blank\">Tarifvertrag \u00f6ffentlicher Dienst: Vertane Chance<\/a><\/li>\n<li><a title=\"\" href=\"http:\/\/www.wobblies.de\/?p=1926\" target=\"_blank\">Video: Jimmy John\u2019s Workers mit dt. Untertitel<\/a><\/li>\n<\/ul>\n<\/li>\n<li id=\"rss-4\">\n<h3><a title=\"Den Inhalt auslesen\" href=\"http:\/\/iww.org.uk\/rss.xml\"><img loading=\"lazy\" decoding=\"async\" src=\"http:\/\/s.wordpress.com\/wp-includes\/images\/rss.png?m=1144196147g\" alt=\"RSS\" width=\"14\" height=\"14\" \/><\/a> <a title=\"Britain and Ireland region of the Industrial Workers of the World\" href=\"http:\/\/iww.org.uk\" target=\"_blank\">IWW-News Britannien<\/a><\/h3>\n<ul>\n<li><a title=\"   Start:   14\/07\/2012 15:00      Start:   14\/07\/2012 15:00   Come and show solidarity with the IWW John Lewis Cleaners' post strike Demo on Saturday 14 Jul 3PM!London Regional Committee read more\" href=\"http:\/\/iww.org.uk\/node\/764\" target=\"_blank\">IWW Cleaners&#8216; John Lewis Demo Sat 14 Jul 3PM<\/a><\/li>\n<li><a title=\"   Start:   13\/07\/2012 13:00      Start:   13\/07\/2012 13:00   Come and show solidarity with the IWW John Lewis Cleaners' Strike Rally on Friday, 1PM!London Regional Committee read more\" href=\"http:\/\/iww.org.uk\/node\/763\" target=\"_blank\">IWW Cleaners&#8216; John Lewis Strike Rally Fri 13 Jul 1PM<\/a><\/li>\n<li><a title=\"\" href=\"http:\/\/iww.org.uk\/node\/762\" target=\"_blank\">IWW Cleaners&#8216; John Lewis Picket, Fri 13 Jul 5:30AM<\/a><\/li>\n<li><a title=\"\" href=\"http:\/\/iww.org.uk\/node\/761\" target=\"_blank\">Come to the #IWW #Cleaners&#8216; #Strike #Picket and #Rally @johnlewisretail &#8211; Fri 13 Jul, 5:30AM &amp; 1PM &#8211; Sat 14 Jul, 3PM<\/a><\/li>\n<\/ul>\n<\/li>\n<li id=\"rss-3\">\n<h3><a title=\"Den Inhalt auslesen\" href=\"http:\/\/www.iww.org\/en\/node\/feed\"><img loading=\"lazy\" decoding=\"async\" src=\"http:\/\/s.wordpress.com\/wp-includes\/images\/rss.png?m=1144196147g\" alt=\"RSS\" width=\"14\" height=\"14\" \/><\/a> <a title=\"Preamble to the IWW Constitution.\" href=\"http:\/\/www.iww.org\/en\/frontpage\" target=\"_blank\">IWW-News USA<\/a><\/h3>\n<ul>\n<li><a title=\"rbetarklassen och den arbetsk\u00f6pande klassen har ingenting gemensamt. Det kan inte bli n\u00e5gon fred s\u00e5 l\u00e4nge hunger och l\u00e4ngtan r\u00e5der bland miljoner av det arbetande folket, medan de f\u00e5, som utg\u00f6rs av den arbetsk\u00f6pande klassen, har allt det goda i livet. Det m\u00e5ste f\u00f6ras en kamp mellan dessa tv\u00e5 klasser, tills arbetarna i v\u00e4rlden organiserar sig som en klass, ta [\u2026]\" href=\"http:\/\/www.iww.org\/en\/node\/862\" target=\"_blank\">Welcome to IWW.org &#8211; Principf\u00f6rklaring<\/a><\/li>\n<li><a title=\"  Ovo je zvani\" href=\"http:\/\/www.iww.org\/en\/node\/861\" target=\"_blank\">Dobrodo\u0161li na IWW.ORG<\/a><\/li>\n<li><a title=\"De arbeidersklasse en de werkgeversklasse hebben niets gemeenschappelijk. Vrede is niet mogelijk zolang er honger en nood heersen bij miljoenen arbeidende mensen, en zolang de enkelen die de werkgevende klasse uitmaken al de goede dingen in het leven bezitten. Tussen deze twee klassen moet de strijd voortduren totdat de arbeiders van alle landen zich in een  [\u2026]\" href=\"http:\/\/www.iww.org\/en\/node\/859\" target=\"_blank\">Welcome to IWW.org &#8211; Preambule<\/a><\/li>\n<li><a title=\"\" href=\"http:\/\/www.iww.org\/en\/node\/857\" target=\"_blank\">Bienvenue sur IWW.org<\/a><\/li>\n<\/ul>\n<\/li>\n<\/ul>\n<div id=\"fb-root\"><\/div><script src=\"http:\/\/connect.facebook.net\/en_US\/all.js#xfbml=1\"><\/script><fb:like href=\"https:\/\/www.wobblies-kassel.de\/?page_id=88\" send=\"true\" layout=\"standard\" width=\"450\" show_faces=\"true\" font=\"verdana\" action=\"like\" colorscheme=\"light\"><\/fb:like>","protected":false},"excerpt":{"rendered":"<p>IWW-News deutsch Die vergessene Geschichte des Organizing Wobblies und radikale deutsche Bierbrauer in den USA Solidarischer Unionismus im 21. Jh. Tarifvertrag \u00f6ffentlicher Dienst: Vertane Chance Video: Jimmy John\u2019s Workers mit dt. Untertitel IWW-News Britannien IWW Cleaners&#8216; John Lewis Demo Sat 14 Jul 3PM IWW Cleaners&#8216; John Lewis Strike Rally Fri 13 Jul 1PM IWW Cleaners&#8216; &hellip; <a href=\"https:\/\/www.wobblies-kassel.de\/?page_id=88\" class=\"more-link\"><span class=\"screen-reader-text\">Wobblie World<\/span> weiterlesen <span class=\"meta-nav\">&rarr;<\/span><\/a><\/p>\n","protected":false},"author":1,"featured_media":0,"parent":0,"menu_order":0,"comment_status":"open","ping_status":"open","template":"sidebar-page.php","meta":{"footnotes":""},"class_list":["post-88","page","type-page","status-publish","hentry"],"_links":{"self":[{"href":"https:\/\/www.wobblies-kassel.de\/index.php?rest_route=\/wp\/v2\/pages\/88","targetHints":{"allow":["GET"]}}],"collection":[{"href":"https:\/\/www.wobblies-kassel.de\/index.php?rest_route=\/wp\/v2\/pages"}],"about":[{"href":"https:\/\/www.wobblies-kassel.de\/index.php?rest_route=\/wp\/v2\/types\/page"}],"author":[{"embeddable":true,"href":"https:\/\/www.wobblies-kassel.de\/index.php?rest_route=\/wp\/v2\/users\/1"}],"replies":[{"embeddable":true,"href":"https:\/\/www.wobblies-kassel.de\/index.php?rest_route=%2Fwp%2Fv2%2Fcomments&post=88"}],"version-history":[{"count":15,"href":"https:\/\/www.wobblies-kassel.de\/index.php?rest_route=\/wp\/v2\/pages\/88\/revisions"}],"predecessor-version":[{"id":90,"href":"https:\/\/www.wobblies-kassel.de\/index.php?rest_route=\/wp\/v2\/pages\/88\/revisions\/90"}],"wp:attachment":[{"href":"https:\/\/www.wobblies-kassel.de\/index.php?rest_route=%2Fwp%2Fv2%2Fmedia&parent=88"}],"curies":[{"name":"wp","href":"https:\/\/api.w.org\/{rel}","templated":true}]}}