{"id":799,"date":"2016-02-05T18:39:12","date_gmt":"2016-02-05T16:39:12","guid":{"rendered":"http:\/\/www.wobblies-kassel.de\/?page_id=799"},"modified":"2016-02-05T18:45:35","modified_gmt":"2016-02-05T16:45:35","slug":"veranstaltungen-erstes-halbjahr-2016","status":"publish","type":"page","link":"https:\/\/www.wobblies-kassel.de\/?page_id=799","title":{"rendered":"Veranstaltungen erstes Halbjahr 2016"},"content":{"rendered":"<p><span style=\"font-family: courier new,courier,monospace; font-size: 14pt; color: #800000;\"><strong><a href=\"http:\/\/www.wobblies-kassel.de\/wp-content\/uploads\/2016\/02\/Klasse-in-Kassel.jpg\" rel=\"attachment wp-att-802\"><img loading=\"lazy\" decoding=\"async\" class=\"alignnone size-full wp-image-802\" src=\"http:\/\/www.wobblies-kassel.de\/wp-content\/uploads\/2016\/02\/Klasse-in-Kassel.jpg\" alt=\"Klasse-in-Kassel\" width=\"738\" height=\"182\" srcset=\"https:\/\/www.wobblies-kassel.de\/wp-content\/uploads\/2016\/02\/Klasse-in-Kassel.jpg 738w, https:\/\/www.wobblies-kassel.de\/wp-content\/uploads\/2016\/02\/Klasse-in-Kassel-300x74.jpg 300w\" sizes=\"auto, (max-width: 738px) 100vw, 738px\" \/><\/a><\/strong><\/span><\/p>\n<p><span style=\"font-family: courier new,courier,monospace; font-size: 14pt; color: #800000;\"><strong>Termine im ersten Halbjahr 2016<\/strong><br \/><span style=\"text-decoration: underline;\"><span style=\"font-size: 12pt;\">Rothe Ecke \/ Naumburger Str.20a \/ 34127 Kassel<\/span><\/span><\/span><\/p>\n<p><span style=\"font-family: courier new,courier,monospace; color: #800000; font-size: 12pt;\">Mittwoch den 17.02.16 \/ 19:00 Uhr<\/span><\/p>\n<p><strong>&#8222;<\/strong><span style=\"font-family: verdana,geneva,sans-serif; font-size: 10pt;\"><strong>Die Angst wegschmei\u00dfen&#8220;:<\/strong> <br \/>Film \u00fcber die Organisierung in der Logistikbranche in Norditalien<\/span><\/p>\n<p><span style=\"font-family: courier new,courier,monospace; font-size: 12pt; color: #800000;\">Mittwoch den 16.03.16 \/ 19:00 Uhr<\/span><\/p>\n<p><span style=\"font-family: verdana,geneva,sans-serif; font-size: 10pt;\"><strong>Organisieren in der Landwirtschaft?<\/strong> <br \/>Realit\u00e4t und Tr\u00e4ume f\u00fcr eine <\/span><span style=\"font-family: verdana,geneva,sans-serif; font-size: 10pt;\">Zukunft mit guten Produkten und guten Arbeitsbedingungen<\/span><\/p>\n<p><span style=\"font-family: courier new,courier,monospace; font-size: 12pt; color: #800000;\">Mittwoch den 20.04.16 \/ 19:00 Uhr<\/span><\/p>\n<p><span style=\"font-family: verdana,geneva,sans-serif; font-size: 10pt;\"><strong>Bericht von der Labour Notes Konferenz in den USA<\/strong> <br \/>\u2013 Eine Klasse, <\/span><span style=\"font-family: verdana,geneva,sans-serif; font-size: 10pt;\">Ein Kampf \u2013 Wie organisieren sich Arbeiterinnen und Arbeiter in <\/span><span style=\"font-family: verdana,geneva,sans-serif; font-size: 10pt;\">anderen imperialistischen Zentren?<\/span><\/p>\n<p><span style=\"font-family: courier new,courier,monospace; font-size: 12pt; color: #800000;\">Mittwoch den 11.05.16 \/ 19:00 Uhr<\/span><\/p>\n<p><span style=\"font-family: verdana,geneva,sans-serif; font-size: 10pt;\"><strong>Union-Busting \u2013 ein neuer Modebegriff f\u00fcr Klassenkampf<\/strong> <br \/>von oben, <\/span><span style=\"font-family: verdana,geneva,sans-serif; font-size: 10pt;\">oder: was ist wirklich neu am Vorgehen der Bosse?<\/span><\/p>\n<p><span style=\"font-family: courier new,courier,monospace; color: #800000; font-size: 12pt;\">Samstag den 18.06.16 \/ 19:00 Uhr<\/span><\/p>\n<p><span style=\"font-family: verdana,geneva,sans-serif; font-size: 10pt;\"><strong>Nicht nur Bosse k\u00f6nnen scharf \u2013 die IWW Kassel l\u00e4dt zum grillen<\/strong>!<\/span><br \/><span style=\"font-family: verdana,geneva,sans-serif; font-size: 10pt;\">Wo? \u00dcberraschung! Wir sagen noch Bescheid! Nur so viel: Wenn das<\/span><br \/><span style=\"font-family: verdana,geneva,sans-serif; font-size: 10pt;\">Wetter passt, w\u00e4hlen wir einen Ort der zu unserer betrieblichen<\/span><br \/><span style=\"font-family: verdana,geneva,sans-serif; font-size: 10pt;\">Arbeit passt.<\/span><br \/><a href=\"http:\/\/www.wobblies-kassel.de\/wp-content\/uploads\/2014\/12\/iww_logo.png\" rel=\"attachment wp-att-621\"><img loading=\"lazy\" decoding=\"async\" class=\"size-full wp-image-621 alignright\" src=\"http:\/\/www.wobblies-kassel.de\/wp-content\/uploads\/2014\/12\/iww_logo.png\" alt=\"iww_logo\" width=\"178\" height=\"179\" srcset=\"https:\/\/www.wobblies-kassel.de\/wp-content\/uploads\/2014\/12\/iww_logo.png 178w, https:\/\/www.wobblies-kassel.de\/wp-content\/uploads\/2014\/12\/iww_logo-150x150.png 150w\" sizes=\"auto, (max-width: 178px) 100vw, 178px\" \/><\/a><br \/><span style=\"font-family: courier new,courier,monospace; font-size: 12pt; color: #800000;\">Mitte Juni 2016: \/ 19:00 Uhr<\/span><\/p>\n<p><span style=\"font-family: verdana,geneva,sans-serif; font-size: 10pt;\"><strong>Halbjahrestreffen der IWW Kassel<\/strong> <br \/>Mitglied werden, Termin gibt\u2019s <\/span><span style=\"font-family: verdana,geneva,sans-serif; font-size: 10pt;\">mit dem Mitgliedsausweis<\/p>\n<p><\/span><\/p>\n<div id=\"fb-root\"><\/div><script src=\"http:\/\/connect.facebook.net\/en_US\/all.js#xfbml=1\"><\/script><fb:like href=\"https:\/\/www.wobblies-kassel.de\/?page_id=799\" send=\"true\" layout=\"standard\" width=\"450\" show_faces=\"true\" font=\"verdana\" action=\"like\" colorscheme=\"light\"><\/fb:like>","protected":false},"excerpt":{"rendered":"<p>Termine im ersten Halbjahr 2016Rothe Ecke \/ Naumburger Str.20a \/ 34127 Kassel Mittwoch den 17.02.16 \/ 19:00 Uhr &#8222;Die Angst wegschmei\u00dfen&#8220;: Film \u00fcber die Organisierung in der Logistikbranche in Norditalien Mittwoch den 16.03.16 \/ 19:00 Uhr Organisieren in der Landwirtschaft? Realit\u00e4t und Tr\u00e4ume f\u00fcr eine Zukunft mit guten Produkten und guten Arbeitsbedingungen Mittwoch den 20.04.16 &hellip; <a href=\"https:\/\/www.wobblies-kassel.de\/?page_id=799\" class=\"more-link\"><span class=\"screen-reader-text\">Veranstaltungen erstes Halbjahr 2016<\/span> weiterlesen <span class=\"meta-nav\">&rarr;<\/span><\/a><\/p>\n","protected":false},"author":1,"featured_media":0,"parent":0,"menu_order":0,"comment_status":"closed","ping_status":"closed","template":"","meta":{"footnotes":""},"class_list":["post-799","page","type-page","status-publish","hentry"],"_links":{"self":[{"href":"https:\/\/www.wobblies-kassel.de\/index.php?rest_route=\/wp\/v2\/pages\/799","targetHints":{"allow":["GET"]}}],"collection":[{"href":"https:\/\/www.wobblies-kassel.de\/index.php?rest_route=\/wp\/v2\/pages"}],"about":[{"href":"https:\/\/www.wobblies-kassel.de\/index.php?rest_route=\/wp\/v2\/types\/page"}],"author":[{"embeddable":true,"href":"https:\/\/www.wobblies-kassel.de\/index.php?rest_route=\/wp\/v2\/users\/1"}],"replies":[{"embeddable":true,"href":"https:\/\/www.wobblies-kassel.de\/index.php?rest_route=%2Fwp%2Fv2%2Fcomments&post=799"}],"version-history":[{"count":3,"href":"https:\/\/www.wobblies-kassel.de\/index.php?rest_route=\/wp\/v2\/pages\/799\/revisions"}],"predecessor-version":[{"id":803,"href":"https:\/\/www.wobblies-kassel.de\/index.php?rest_route=\/wp\/v2\/pages\/799\/revisions\/803"}],"wp:attachment":[{"href":"https:\/\/www.wobblies-kassel.de\/index.php?rest_route=%2Fwp%2Fv2%2Fmedia&parent=799"}],"curies":[{"name":"wp","href":"https:\/\/api.w.org\/{rel}","templated":true}]}}