{"id":784,"date":"2015-11-28T10:52:41","date_gmt":"2015-11-28T08:52:41","guid":{"rendered":"http:\/\/www.wobblies-kassel.de\/?page_id=784"},"modified":"2015-11-28T10:52:41","modified_gmt":"2015-11-28T08:52:41","slug":"pasaulio-pramones-darbininku-iww-konstitucijos-preambule","status":"publish","type":"page","link":"https:\/\/www.wobblies-kassel.de\/?page_id=784","title":{"rendered":"\u201cPasaulio pramon\u0117s darbinink\u0173\u201d (IWW) konstitucijos preambul\u0117"},"content":{"rendered":"<p>Dirban\u010di\u0173j\u0173 ir darbdavi\u0173 klas\u0117s neturi nieko bendro. Taikos nebus tol, kol milijonams dirban\u010di\u0173j\u0173 \u012f akis \u017evelgs alkis ir skurdas, o tai, kas geriausia, gyvenime gaus darbdavi\u0173 klas\u0119 sudaranti ma\u017euma. Kova tarp \u0161i\u0173 dviej\u0173 klasi\u0173 turi vykti tol, kol pasaulio dirbantieji susiorganizuos kaip klas\u0117, perims \u012f savo rankas gamybos priemones, panaikins darbo sistem\u0105 ir gyvens harmonijoje su \u017eeme.<\/p>\n<p>Mes matome, kad pramon\u0117s valdym\u0105 sutelkus \u012f vis ma\u017eiau rank\u0173, profesin\u0117s s\u0105jungos nebepaj\u0117gia kovoti su vis labiau augan\u010dia darbdavi\u0173 klas\u0117s galia. Profs\u0105jungos sukuria toki\u0105 pad\u0117t\u012f, kai tarpusavyje kir\u0161inami tos pa\u010dios pramon\u0117s \u0161akos darbuotojai padeda darbdaviams vieni kitus triu\u0161kinti kovose u\u017e auk\u0161tesn\u012f atlyginim\u0105. Dar daugiau, profs\u0105jungos padeda darbdavi\u0173 klasei priversti dirban\u010diuosius tik\u0117ti, kad dirban\u010di\u0173j\u0173 klas\u0117 turi bendr\u0173 interes\u0173 su savo darbdaviais. Pakeisti \u0161ias s\u0105lygas ir \u012ftvirtinti dirban\u010di\u0173j\u0173 klas\u0117s interesus galima tik tokioje organizacijoje, kurios visi nariai, dirbantys bet kokioje pramon\u0117s \u0161akoje, o jei tai b\u016btina \u2013 visose pramon\u0117s \u0161akose, nustoja dirbti bet kurioje at\u0161akoje paskelbus streik\u0105 ar lokaut\u0105. Taip skriauda vienam \u017emogui paver\u010diama vis\u0173 skriauda.<\/p>\n<p>Vietoj konservatyvaus lozungo \u201eTeisingas u\u017edarbis u\u017e teising\u0105 darb\u0105\u201c, mes turime i\u0161kelti nauj\u0105 \u0161\u016bk\u012f \u201ePanaikinkime darbo sistem\u0105\u201c.<\/p>\n<p>Istorin\u0117 dirban\u010di\u0173j\u0173 klas\u0117s misija \u2013 nusikratyti kapitalizmo. Gamintoj\u0173 armija turi b\u016bti organizuojama ne tik kasdieninei kovai su kapitalistais, bet ir tam, kad gamyba vykt\u0173 po kapitalizmo sugriovimo. Organizuodamiesi pramon\u0117je, mes kuriame naujos visuomen\u0117s strukt\u016br\u0105 senosios visuomen\u0117s kevale.<\/p>\n<div id=\"fb-root\"><\/div><script src=\"http:\/\/connect.facebook.net\/en_US\/all.js#xfbml=1\"><\/script><fb:like href=\"https:\/\/www.wobblies-kassel.de\/?page_id=784\" send=\"true\" layout=\"standard\" width=\"450\" show_faces=\"true\" font=\"verdana\" action=\"like\" colorscheme=\"light\"><\/fb:like>","protected":false},"excerpt":{"rendered":"<p>Dirban\u010di\u0173j\u0173 ir darbdavi\u0173 klas\u0117s neturi nieko bendro. Taikos nebus tol, kol milijonams dirban\u010di\u0173j\u0173 \u012f akis \u017evelgs alkis ir skurdas, o tai, kas geriausia, gyvenime gaus darbdavi\u0173 klas\u0119 sudaranti ma\u017euma. Kova tarp \u0161i\u0173 dviej\u0173 klasi\u0173 turi vykti tol, kol pasaulio dirbantieji susiorganizuos kaip klas\u0117, perims \u012f savo rankas gamybos priemones, panaikins darbo sistem\u0105 ir gyvens harmonijoje &hellip; <a href=\"https:\/\/www.wobblies-kassel.de\/?page_id=784\" class=\"more-link\"><span class=\"screen-reader-text\">\u201cPasaulio pramon\u0117s darbinink\u0173\u201d (IWW) konstitucijos preambul\u0117<\/span> weiterlesen <span class=\"meta-nav\">&rarr;<\/span><\/a><\/p>\n","protected":false},"author":1,"featured_media":0,"parent":0,"menu_order":0,"comment_status":"closed","ping_status":"closed","template":"","meta":{"footnotes":""},"class_list":["post-784","page","type-page","status-publish","hentry"],"_links":{"self":[{"href":"https:\/\/www.wobblies-kassel.de\/index.php?rest_route=\/wp\/v2\/pages\/784","targetHints":{"allow":["GET"]}}],"collection":[{"href":"https:\/\/www.wobblies-kassel.de\/index.php?rest_route=\/wp\/v2\/pages"}],"about":[{"href":"https:\/\/www.wobblies-kassel.de\/index.php?rest_route=\/wp\/v2\/types\/page"}],"author":[{"embeddable":true,"href":"https:\/\/www.wobblies-kassel.de\/index.php?rest_route=\/wp\/v2\/users\/1"}],"replies":[{"embeddable":true,"href":"https:\/\/www.wobblies-kassel.de\/index.php?rest_route=%2Fwp%2Fv2%2Fcomments&post=784"}],"version-history":[{"count":1,"href":"https:\/\/www.wobblies-kassel.de\/index.php?rest_route=\/wp\/v2\/pages\/784\/revisions"}],"predecessor-version":[{"id":785,"href":"https:\/\/www.wobblies-kassel.de\/index.php?rest_route=\/wp\/v2\/pages\/784\/revisions\/785"}],"wp:attachment":[{"href":"https:\/\/www.wobblies-kassel.de\/index.php?rest_route=%2Fwp%2Fv2%2Fmedia&parent=784"}],"curies":[{"name":"wp","href":"https:\/\/api.w.org\/{rel}","templated":true}]}}