{"id":212,"date":"2012-08-06T14:57:19","date_gmt":"2012-08-06T12:57:19","guid":{"rendered":"http:\/\/www.wobblies-kassel.de\/?page_id=212"},"modified":"2015-03-05T21:36:40","modified_gmt":"2015-03-05T19:36:40","slug":"wir-sind-die-wobblies-kassel","status":"publish","type":"page","link":"https:\/\/www.wobblies-kassel.de\/","title":{"rendered":"Wir sind die Wobblies Kassel!"},"content":{"rendered":"<p style=\"text-align: left;\"><span style=\"font-family: verdana,geneva; font-size: small;\"><span style=\"font-family: courier new,courier; font-size: 12pt; color: #800000;\">IWW &#8211; Industrial Workers of the World &#8211;\u00a0 die Wobblies Kassel<br \/><\/span><\/span><\/p>\n<p style=\"text-align: left;\"><span style=\"font-family: verdana,geneva; font-size: small;\"><a href=\"http:\/\/www.wobblies-kassel.de\/wp-content\/uploads\/2014\/12\/iww_logo.png\"><img loading=\"lazy\" decoding=\"async\" class=\"  wp-image-621 alignleft\" src=\"http:\/\/www.wobblies-kassel.de\/wp-content\/uploads\/2014\/12\/iww_logo-150x150.png\" alt=\"iww_logo\" width=\"150\" height=\"150\" srcset=\"https:\/\/www.wobblies-kassel.de\/wp-content\/uploads\/2014\/12\/iww_logo-150x150.png 150w, https:\/\/www.wobblies-kassel.de\/wp-content\/uploads\/2014\/12\/iww_logo.png 178w\" sizes=\"auto, (max-width: 150px) 100vw, 150px\" \/><\/a><\/span><\/p>\n<p>\u00a0<span style=\"font-family: verdana,geneva;\">Auch in Kassel gibt es eine Ortsgruppe der Wobblies!<\/span><\/p>\n<p style=\"text-align: left;\"><span style=\"font-family: verdana,geneva; font-size: small;\">\u00a0<span style=\"font-size: 10pt;\">An dieser Stelle werden wir k\u00fcnftig \u00fcber unsere Initiativen in Kassel,\u00a0 \u00fcber Aktivit\u00e4ten &#8211; auch \u00fcber den Tellerrand hinaus &#8211; f\u00fcr die Rechte der arbeitenden Bev\u00f6lkerung berichten.<\/span><\/span><\/p>\n<p style=\"text-align: left;\"><span style=\"font-family: verdana,geneva; font-size: 10pt;\">Wir die Wobblies Kassel werden nicht die Augen davor verschlie\u00dfen, wie die arbeitende Bev\u00f6lkerung auch in Kassel,\u00a0 tagt\u00e4glich ihre Arbeitskraft zum Bestreiten des Lebensunterhaltes einsetzt, w\u00e4rend andere sich an ihr bereichern. Die sich den Mehrwert der Arbeit in die eigene Tasche stecken,\u00a0 ohne sich einen Dreck darum zu scheren,\u00a0 wie es um die Lebens- &amp; Arbeitsbedingen ihrer Besch\u00e4ftigten bestellt ist.<\/span><\/p>\n<p style=\"text-align: left;\"><span style=\"font-family: verdana,geneva; font-size: small;\">Wir verstehen uns nicht als handels\u00fcbliche Gewerkschaft, sondern packen unsere Probleme selbst an. Dabei unterst\u00fctzen wir jede Initiative die aus den Betrieben heraus, von den dort Besch\u00e4ftigten, an uns herangetragen wird. <br \/><\/span><\/p>\n<p style=\"text-align: left;\"><span style=\"font-family: verdana,geneva; font-size: small;\">Wir sind kein Versicherungsunternehmen mit garantierter Minimallohnsteigerung. Wir k\u00e4mpfen, ohne StellvertreterInnen f\u00fcr unsere Interessen. So behalten wir auch unsere Ziele besser im Griff. Denn wir sind der Meinung, dass nur die Besch\u00e4ftigten selbst wissen k\u00f6nnen, was sie wollen und das deshalb auch nur sie wirkliche Verbesserungen erreichen k\u00f6nnen. <br \/><\/span><\/p>\n<p style=\"text-align: left;\"><span style=\"font-family: verdana,geneva; font-size: small;\"><span style=\"font-family: courier new,courier; font-size: 12pt; color: #800000;\">Wir halten nichts von der sogenannten Sozialpartnerschaft!<\/span><br \/><\/span><\/p>\n<p style=\"text-align: left;\"><span style=\"font-family: verdana,geneva; font-size: small;\">Wir meinen, dass es keine gemeinsamen Interessen zwischen den arbeitenden Menschen und ihren Chefs, Aktion\u00e4ren und anderen Ausbeutern geben kann. Die sogenannte Sozialpartnerschaft hat letzlich nur dazu gef\u00fchrt, dass heute einige wenige sehr reich und eine immer gr\u00f6\u00dfere Gruppe abh\u00e4ngig Besch\u00e4ftigter immer \u00e4rmer geworden sind. Viele Menschen sind auf die menschenunw\u00fcrdigen HartzIV Regels\u00e4tze angewiesen.<\/span><\/p>\n<p style=\"text-align: left;\"><span style=\"font-family: verdana,geneva; font-size: small;\">In der sogenannten Sozialpartnerschaft zahlen am Ende immer wir! Deshal<\/span><span style=\"font-family: verdana,geneva; font-size: small;\">b reicht es nicht aus, dass wir Stellvertretern unsere Belange \u00fcberlassen. Die Wobblies sind mehr als nur eine <\/span><span style=\"font-family: verdana,geneva; font-size: small;\"><img loading=\"lazy\" decoding=\"async\" class=\"alignleft\" title=\"IWW\" src=\"http:\/\/www.wobblies-kassel.de\/wp-content\/uploads\/2012\/07\/cat_direct-action-gets-the-goods_sw01.png\" alt=\"IWW\" width=\"150\" height=\"150\" \/><\/span><span style=\"font-family: verdana,geneva; font-size: small;\">Gewerkschaft. Jeder und jede abh\u00e4ngig Besch\u00e4ftigte kann bei uns mitmachen, wenn sie erkannt haben, dass es ander Zeit ist, die eigenen I<\/span><span style=\"font-family: verdana,geneva; font-size: small;\">nte<\/span><span style=\"font-family: verdana,geneva; font-size: small;\">ressen &#8211; selbstbestimmt <\/span><span style=\"font-family: verdana,geneva; font-size: small;\">&#8211; selbst in die Hand zu nehmen.<\/span><\/p>\n<p style=\"text-align: left;\"><strong><span style=\"font-family: verdana,geneva; font-size: small;\">An dieser Stelle wird die Ortsgruppe der IWW &#8211; Industrial Workers of the World &#8211; Kassel \u00fcber ihre Aktivit\u00e4ten <\/span><\/strong><span style=\"font-family: verdana,geneva; font-size: small;\"><strong>informieren und zu ihren Treffen einladen<\/strong> <\/span><\/p>\n<p style=\"text-align: left;\"><a href=\"https:\/\/de-de.facebook.com\/pages\/IWW-Kassel\/375212099214598\" target=\"_blank\"><img loading=\"lazy\" decoding=\"async\" class=\"alignnone size-full wp-image-565\" src=\"http:\/\/www.wobblies-kassel.de\/wp-content\/uploads\/2014\/09\/Facebook.jpg\" alt=\"Facebook\" width=\"47\" height=\"44\" \/> IWW &#8211; Wobblies Kassel<\/a><\/p>\n<div id=\"fb-root\"><\/div><script src=\"http:\/\/connect.facebook.net\/en_US\/all.js#xfbml=1\"><\/script><fb:like href=\"https:\/\/www.wobblies-kassel.de\/\" send=\"true\" layout=\"standard\" width=\"450\" show_faces=\"true\" font=\"verdana\" action=\"like\" colorscheme=\"light\"><\/fb:like>","protected":false},"excerpt":{"rendered":"<p>IWW &#8211; Industrial Workers of the World &#8211;\u00a0 die Wobblies Kassel \u00a0Auch in Kassel gibt es eine Ortsgruppe der Wobblies! \u00a0An dieser Stelle werden wir k\u00fcnftig \u00fcber unsere Initiativen in Kassel,\u00a0 \u00fcber Aktivit\u00e4ten &#8211; auch \u00fcber den Tellerrand hinaus &#8211; f\u00fcr die Rechte der arbeitenden Bev\u00f6lkerung berichten. Wir die Wobblies Kassel werden nicht die Augen &hellip; <a href=\"https:\/\/www.wobblies-kassel.de\/\" class=\"more-link\"><span class=\"screen-reader-text\">Wir sind die Wobblies Kassel!<\/span> weiterlesen <span class=\"meta-nav\">&rarr;<\/span><\/a><\/p>\n","protected":false},"author":1,"featured_media":0,"parent":0,"menu_order":0,"comment_status":"open","ping_status":"open","template":"","meta":{"footnotes":""},"class_list":["post-212","page","type-page","status-publish","hentry"],"_links":{"self":[{"href":"https:\/\/www.wobblies-kassel.de\/index.php?rest_route=\/wp\/v2\/pages\/212","targetHints":{"allow":["GET"]}}],"collection":[{"href":"https:\/\/www.wobblies-kassel.de\/index.php?rest_route=\/wp\/v2\/pages"}],"about":[{"href":"https:\/\/www.wobblies-kassel.de\/index.php?rest_route=\/wp\/v2\/types\/page"}],"author":[{"embeddable":true,"href":"https:\/\/www.wobblies-kassel.de\/index.php?rest_route=\/wp\/v2\/users\/1"}],"replies":[{"embeddable":true,"href":"https:\/\/www.wobblies-kassel.de\/index.php?rest_route=%2Fwp%2Fv2%2Fcomments&post=212"}],"version-history":[{"count":22,"href":"https:\/\/www.wobblies-kassel.de\/index.php?rest_route=\/wp\/v2\/pages\/212\/revisions"}],"predecessor-version":[{"id":662,"href":"https:\/\/www.wobblies-kassel.de\/index.php?rest_route=\/wp\/v2\/pages\/212\/revisions\/662"}],"wp:attachment":[{"href":"https:\/\/www.wobblies-kassel.de\/index.php?rest_route=%2Fwp%2Fv2%2Fmedia&parent=212"}],"curies":[{"name":"wp","href":"https:\/\/api.w.org\/{rel}","templated":true}]}}