{"id":191,"date":"2012-08-02T13:52:59","date_gmt":"2012-08-02T11:52:59","guid":{"rendered":"http:\/\/www.wobblies-kassel.de\/?page_id=191"},"modified":"2015-05-02T14:34:38","modified_gmt":"2015-05-02T12:34:38","slug":"iww-ortsgruppen","status":"publish","type":"page","link":"https:\/\/www.wobblies-kassel.de\/?page_id=191","title":{"rendered":"IWW-Ortsgruppen"},"content":{"rendered":"<div id=\"main-content\" class=\"row\">\n<section id=\"main\" class=\"span9 mondrian-col\">\n<div class=\"item-page\">\n<p><span style=\"font-family: verdana,geneva,sans-serif; font-size: 10pt;\"><strong>Berlin:<\/strong><\/span><br \/> <span style=\"font-family: verdana,geneva,sans-serif; font-size: 10pt;\"> Webseite: <a href=\"http:\/\/iwwberlin.blogsport.de\" target=\"&quot;_blank\">http:\/\/iwwberlin.blogsport.de<\/a><\/span><br \/> <span style=\"font-family: verdana,geneva,sans-serif; font-size: 10pt;\"> E-Mail-Kontakt: <span id=\"cloak22982\"><a href=\"mailto:berlin@wobblies.de\">berlin@wobblies.de<\/a><\/span><\/span><br \/> <span style=\"font-family: verdana,geneva,sans-serif; font-size: 10pt;\"> Postadresse: IWW Berlin Gewerkschaft, Postfach 02 13 06, 10125 Berlin<\/span><\/p>\n<p><span style=\"font-family: verdana,geneva,sans-serif; font-size: 10pt;\"><strong>Bochum<\/strong>:<\/span><br \/> <span style=\"font-family: verdana,geneva,sans-serif; font-size: 10pt;\"> E-Mail-Kontakt: <span id=\"cloak71937\"><a href=\"mailto:bochum01@wobblies.de\">bochum01@wobblies.de<\/a><\/span><\/span><\/p>\n<p><span style=\"font-family: verdana,geneva,sans-serif; font-size: 10pt;\"><strong>Bremen:<\/strong><\/span><br \/> <span style=\"font-family: verdana,geneva,sans-serif; font-size: 10pt;\"> Website: <a href=\"http:\/\/iwwbremen.blogsport.de\/\" target=\"&quot;_blank\">http:\/\/iwwbremen.blogsport.de\/<\/a><\/span><br \/> <span style=\"font-family: verdana,geneva,sans-serif; font-size: 10pt;\"> E-Mail-Kontakt: <span id=\"cloak1005\"><a href=\"mailto:iww-bremen@freenet.de\">iww-bremen@freenet.de<\/a><\/span>,<\/span><br \/> <span style=\"font-family: verdana,geneva,sans-serif; font-size: 10pt;\"> Postadresse: IWW Bremen, Lindenstra\u00dfe 1b, 28755 Bremen<\/span><\/p>\n<p><span style=\"font-family: verdana,geneva,sans-serif; font-size: 10pt;\"><strong>Br\u00fchl \/ Euskirchen:<\/strong><\/span><br \/> <span style=\"font-family: verdana,geneva,sans-serif; font-size: 10pt;\"> E-Mail-Kontakt: <span id=\"cloak33083\"><a href=\"mailto:stuhlfauth@wobblies.de\">stuhlfauth@wobblies.de<\/a><\/span><\/span><\/p>\n<p><span style=\"font-family: verdana,geneva,sans-serif; font-size: 10pt;\"><strong>Frankfurt \/ Main: <\/strong><\/span><br \/> <span style=\"font-family: verdana,geneva,sans-serif; font-size: 10pt;\"> Website: <a href=\"http:\/\/frankfurt.wobblies.de\" target=\"&quot;_blank\">http:\/\/frankfurt.wobblies.de<\/a><\/span><br \/> <span style=\"font-family: verdana,geneva,sans-serif; font-size: 10pt;\"> E-Mail-Kontakt:<span id=\"cloak35051\"><a href=\"mailto:Frankfurt@systemausfall.org\">Frankfurt@systemausfall.org<\/a><\/span>,<\/span><br \/> <span style=\"font-family: verdana,geneva,sans-serif; font-size: 10pt;\"> Postadresse: IWW GMB Frankfurt\/Rhein-Main, Haberweg 19, 61352 Bad Homburg,<\/span><\/p>\n<p><span style=\"font-family: verdana,geneva,sans-serif; font-size: 10pt;\"><strong>Hamburg: <\/strong><\/span><br \/> <span style=\"font-family: verdana,geneva,sans-serif; font-size: 10pt;\"> Website: <a href=\"https:\/\/www.facebook.com\/pages\/IWW-Hamburg\/328517530546627\" target=\"&quot;_blank\">facebook<\/a><\/span><br \/> <span style=\"font-family: verdana,geneva,sans-serif; font-size: 10pt;\"> E-Mail-Kontakt: <span id=\"cloak10159\"><a href=\"mailto:hamburg@wobblies.de\">hamburg@wobblies.de<\/a><\/span><\/span><\/p>\n<p><span style=\"font-family: verdana,geneva,sans-serif; font-size: 10pt;\"><strong>Kassel: <\/strong><\/span><br \/> <span style=\"font-family: verdana,geneva,sans-serif; font-size: 10pt;\"> Website: <a href=\"http:\/\/www.wobblies-kassel.de\/\" target=\"&quot;_blank\">http:\/\/www.wobblies-kassel.de\/<\/a><\/span><br \/> <span style=\"font-family: verdana,geneva,sans-serif; font-size: 10pt;\"> E-Mail-Kontakt: <span id=\"cloak81885\"><a href=\"mailto:kontakt@wobblies-kassel.de\">kontakt@wobblies-kassel.de<\/a><\/span><\/span><br \/> <span style=\"font-family: verdana,geneva,sans-serif; font-size: 10pt;\"> Postadresse: IWW Kassel, c\/o Rothe Ecke, Naumburger Str. 20a, 34127 Kassel<\/span><\/p>\n<p><span style=\"font-family: verdana,geneva,sans-serif; font-size: 10pt;\"><strong>K\u00f6ln:<\/strong><\/span><br \/> <span style=\"font-family: verdana,geneva,sans-serif; font-size: 10pt;\"> Website: <a href=\"http:\/\/iwwcologne.wordpress.com\" target=\"&quot;_blank\">http:\/\/iwwcologne.wordpress.com<\/a><\/span><br \/> <span style=\"font-family: verdana,geneva,sans-serif; font-size: 10pt;\"> E-Mail-Kontakt: <span id=\"cloak2962\"><a href=\"mailto:koelnkontakt@wobblies.de\">koelnkontakt@wobblies.de<\/a><\/span><\/span><br \/> <span style=\"font-family: verdana,geneva,sans-serif; font-size: 10pt;\"> Telefon: 01573-8445455<\/span><\/p>\n<p><span style=\"font-family: verdana,geneva,sans-serif; font-size: 10pt;\"><strong>M\u00fcnchen:<\/strong><\/span><br \/> <span style=\"font-family: verdana,geneva,sans-serif; font-size: 10pt;\"> E-Mail-Kontakt: <span id=\"cloak8582\"><a href=\"mailto:iww.muenchen@gmx.de\">iww.muenchen@gmx.de<\/a><\/span><\/span><\/p>\n<p><span style=\"font-family: verdana,geneva,sans-serif; font-size: 10pt;\"><strong>Rostock:<\/strong><\/span><br \/> <span style=\"font-family: verdana,geneva,sans-serif; font-size: 10pt;\"> Website: <a href=\"http:\/\/iwwrostock.blogsport.eu\" target=\"&quot;_blank\">http:\/\/iwwrostock.blogsport.eu<\/a><\/span><br \/> <span style=\"font-family: verdana,geneva,sans-serif; font-size: 10pt;\"> E-Mail-Kontakt: <span id=\"cloak79247\"><a href=\"mailto:iww-rostock@systemausfall.org\">iww-rostock@systemausfall.org<\/a><\/span><\/span><\/p>\n<p><span style=\"font-family: verdana,geneva,sans-serif; font-size: 10pt;\"><strong>T\u00fcbingen\/Reutlingen:<br \/> <\/strong>E-Mail-Kontakt: <span id=\"cloak28491\"><a href=\"mailto:tuebingen@wobblies.de\">tuebingen@wobblies.de<\/a><\/span><\/span><\/p>\n<h3><span style=\"font-family: verdana,geneva,sans-serif; font-size: 10pt;\"><strong>\u00d6sterreich<\/strong><\/span><\/h3>\n<p><span style=\"font-family: verdana,geneva,sans-serif; font-size: 10pt;\"><strong>Wien:<\/strong><\/span><br \/> <span style=\"font-family: verdana,geneva,sans-serif; font-size: 10pt;\"> Website: <a href=\"http:\/\/www.wobblies.de\/wien\" target=\"_blank\">http:\/\/www.wobblies.de\/wien<\/a><br \/> Facebook:<a href=\"https:\/\/www.facebook.com\/pages\/IWW-Wien\/381153168710911?sk=info\" target=\"&quot;_blank\">facebook<\/a><\/span><br \/> <span style=\"font-family: verdana,geneva,sans-serif; font-size: 10pt;\"> E-Mail-Kontakt: <span id=\"cloak71086\"><a href=\"mailto:wien@wobblies.at\">wien@wobblies.at<\/a><\/span><\/span><\/p>\n<h3><span style=\"font-family: verdana,geneva,sans-serif; font-size: 10pt;\"><strong>Schweiz<\/strong><\/span><\/h3>\n<p><span style=\"font-family: verdana,geneva,sans-serif; font-size: 10pt;\"><strong>Z\u00fcrich und Umgebung:<\/strong><\/span><br \/> <span style=\"font-family: verdana,geneva,sans-serif; font-size: 10pt;\"> E-Mail-Kontakt: <span id=\"cloak62312\"><a href=\"mailto:wobbly@gmx.net\">wobbly@gmx.net<\/a><\/span><\/span><\/p>\n<p><span style=\"font-family: verdana,geneva,sans-serif; font-size: 10pt;\"><strong>Dar\u00fcber hinaus gibt es IWW-Mitglieder in<\/strong><\/span><\/p>\n<ul>\n<li><span style=\"font-family: verdana,geneva,sans-serif; font-size: 10pt;\">Bad Berleburg<\/span><\/li>\n<li><span style=\"font-family: verdana,geneva,sans-serif; font-size: 10pt;\">Braunschweig<\/span><\/li>\n<li><span style=\"font-family: verdana,geneva,sans-serif; font-size: 10pt;\">Bielefeld<\/span><\/li>\n<li><span style=\"font-family: verdana,geneva,sans-serif; font-size: 10pt;\">Celle<\/span><\/li>\n<li><span style=\"font-family: verdana,geneva,sans-serif; font-size: 10pt;\">Ettlingen<\/span><\/li>\n<li><span style=\"font-family: verdana,geneva,sans-serif; font-size: 10pt;\">Flensburg<\/span><\/li>\n<li><span style=\"font-family: verdana,geneva,sans-serif; font-size: 10pt;\">Freiburg<\/span><\/li>\n<li><span style=\"font-family: verdana,geneva,sans-serif; font-size: 10pt;\">Hannover<\/span><\/li>\n<li><span style=\"font-family: verdana,geneva,sans-serif; font-size: 10pt;\">Kiel<\/span><\/li>\n<li><span style=\"font-family: verdana,geneva,sans-serif; font-size: 10pt;\">Luxembourg<\/span><\/li>\n<li><span style=\"font-family: verdana,geneva,sans-serif; font-size: 10pt;\">Leipzig<\/span><\/li>\n<li><span style=\"font-family: verdana,geneva,sans-serif; font-size: 10pt;\">Schwerin<\/span><\/li>\n<\/ul>\n<p><span style=\"font-family: verdana,geneva,sans-serif; font-size: 10pt;\">Ein Kontakt kann \u00fcber das <a href=\"mailto:glamroc@wobblies.de\">IWW-Sekretariat<\/a> hergestellt werden.<\/span><\/p>\n<p><span style=\"font-family: verdana,geneva,sans-serif; font-size: 10pt;\"><em>F\u00fcr die Inhalte der verlinkten Seiten sind deren Betreibende verantwortlich. Die dort ge\u00e4u\u00dferten Positionen sind nicht notwendigerweise identisch mit den Positionen der Gesamt-IWW oder der Redaktion von wobblies.de.<\/em><\/span><\/p>\n<\/div>\n<\/section>\n<\/div>\n<div id=\"fb-root\"><\/div><script src=\"http:\/\/connect.facebook.net\/en_US\/all.js#xfbml=1\"><\/script><fb:like href=\"https:\/\/www.wobblies-kassel.de\/?page_id=191\" send=\"true\" layout=\"standard\" width=\"450\" show_faces=\"true\" font=\"verdana\" action=\"like\" colorscheme=\"light\"><\/fb:like>","protected":false},"excerpt":{"rendered":"<p>Berlin: Webseite: http:\/\/iwwberlin.blogsport.de E-Mail-Kontakt: berlin@wobblies.de Postadresse: IWW Berlin Gewerkschaft, Postfach 02 13 06, 10125 Berlin Bochum: E-Mail-Kontakt: bochum01@wobblies.de Bremen: Website: http:\/\/iwwbremen.blogsport.de\/ E-Mail-Kontakt: iww-bremen@freenet.de, Postadresse: IWW Bremen, Lindenstra\u00dfe 1b, 28755 Bremen Br\u00fchl \/ Euskirchen: E-Mail-Kontakt: stuhlfauth@wobblies.de Frankfurt \/ Main: Website: http:\/\/frankfurt.wobblies.de E-Mail-Kontakt:Frankfurt@systemausfall.org, Postadresse: IWW GMB Frankfurt\/Rhein-Main, Haberweg 19, 61352 Bad Homburg, Hamburg: Website: facebook E-Mail-Kontakt: hamburg@wobblies.de &hellip; <a href=\"https:\/\/www.wobblies-kassel.de\/?page_id=191\" class=\"more-link\"><span class=\"screen-reader-text\">IWW-Ortsgruppen<\/span> weiterlesen <span class=\"meta-nav\">&rarr;<\/span><\/a><\/p>\n","protected":false},"author":1,"featured_media":0,"parent":0,"menu_order":0,"comment_status":"open","ping_status":"open","template":"","meta":{"footnotes":""},"class_list":["post-191","page","type-page","status-publish","hentry"],"_links":{"self":[{"href":"https:\/\/www.wobblies-kassel.de\/index.php?rest_route=\/wp\/v2\/pages\/191","targetHints":{"allow":["GET"]}}],"collection":[{"href":"https:\/\/www.wobblies-kassel.de\/index.php?rest_route=\/wp\/v2\/pages"}],"about":[{"href":"https:\/\/www.wobblies-kassel.de\/index.php?rest_route=\/wp\/v2\/types\/page"}],"author":[{"embeddable":true,"href":"https:\/\/www.wobblies-kassel.de\/index.php?rest_route=\/wp\/v2\/users\/1"}],"replies":[{"embeddable":true,"href":"https:\/\/www.wobblies-kassel.de\/index.php?rest_route=%2Fwp%2Fv2%2Fcomments&post=191"}],"version-history":[{"count":19,"href":"https:\/\/www.wobblies-kassel.de\/index.php?rest_route=\/wp\/v2\/pages\/191\/revisions"}],"predecessor-version":[{"id":715,"href":"https:\/\/www.wobblies-kassel.de\/index.php?rest_route=\/wp\/v2\/pages\/191\/revisions\/715"}],"wp:attachment":[{"href":"https:\/\/www.wobblies-kassel.de\/index.php?rest_route=%2Fwp%2Fv2%2Fmedia&parent=191"}],"curies":[{"name":"wp","href":"https:\/\/api.w.org\/{rel}","templated":true}]}}