{"id":17,"date":"2012-07-11T17:58:34","date_gmt":"2012-07-11T15:58:34","guid":{"rendered":"http:\/\/www.wobblies-kassel.de\/?page_id=17"},"modified":"2014-12-14T14:48:04","modified_gmt":"2014-12-14T12:48:04","slug":"kontakt","status":"publish","type":"page","link":"https:\/\/www.wobblies-kassel.de\/?page_id=17","title":{"rendered":"Kontakt"},"content":{"rendered":"<ul>\n<li><span style=\"color: #000000;\"><span style=\"font-family: verdana,geneva; font-size: small;\">Willst Du die Wobblies kennenlernen?<\/span><\/span><\/li>\n<li><span style=\"color: #000000;\"><span style=\"font-family: verdana,geneva; font-size: small;\">Willst Du einfach mehr \u00fcber uns wissen?<\/span><\/span><\/li>\n<li><span style=\"color: #000000;\"><span style=\"font-family: verdana,geneva; font-size: small;\">Ben\u00f6tigst Du Informationen zu bestimmten uns betreffenden Fagen?<\/span><\/span><a title=\"Wobblies-Kassel\" href=\"mailto:kontakt@wobblies-kassel.de\"><img loading=\"lazy\" decoding=\"async\" class=\"alignright\" title=\"Logo der IWW - Wobblies\" src=\"http:\/\/www.wobblies-kassel.de\/wp-content\/uploads\/2012\/07\/IWW-Logo.jpg\" alt=\"Ein Angriff auf eine(n) - Ist ein Angriff auf Alle\" width=\"125\" height=\"125\" \/><\/a><\/li>\n<li><span style=\"color: #000000;\"><span style=\"font-family: verdana,geneva; font-size: small;\">Brauchst Du unsere Unterst\u00fctzung bei der Durchsetzung von Forderungen in Deinem Betrieb?<\/span><\/span><\/li>\n<li><span style=\"color: #000000;\"><span style=\"font-family: verdana,geneva; font-size: small;\">Willst Du zu einem Treffen der Ortsguppe der Wobblies Kassel eingeladen werden?<\/span><\/span><\/li>\n<li><span style=\"font-size: small; font-family: verdana,geneva; color: #000000;\"><span style=\"font-family: verdana,geneva; font-size: small;\">Willst Du Mitglied einer Organisation werden, die mehr ist als nur eine Gewerkschaft?<\/span><\/span><\/li>\n<\/ul>\n<p style=\"padding-left: 180px; text-align: right;\"><strong><span style=\"font-size: small; font-family: verdana,geneva;\">Unsere Satzung findest Du hier: <\/span><a title=\"Satzung der IWW\" href=\"http:\/\/www.wobblies-kassel.de\/wp-content\/uploads\/2012\/08\/Satzung-IWW.pdf\" target=\"_blank\"><span style=\"font-size: small; font-family: verdana,geneva;\"><img loading=\"lazy\" decoding=\"async\" style=\"float: right;\" title=\"Satzung der IWW\" src=\"http:\/\/www.wobblies-kassel.de\/wp-content\/uploads\/2012\/08\/PDF.jpg\" alt=\"Satzung der IWW\" width=\"51\" height=\"48\" \/><\/span><\/a><\/strong><\/p>\n<p><span style=\"color: #000000;\"><strong><span style=\"font-family: verdana,geneva; font-size: small;\">Die Wo<\/span><span style=\"font-family: verdana,geneva; font-size: small;\"><img loading=\"lazy\" decoding=\"async\" class=\"alignleft\" title=\"direct-action-gets-the-goods\" src=\"http:\/\/www.wobblies-kassel.de\/wp-content\/uploads\/2012\/07\/cat_direct-action-gets-the-goods_sw01.png\" alt=\"direct-action-gets-the-goods\" width=\"125\" height=\"125\" \/><\/span><span style=\"font-family: verdana,geneva; font-size: small;\">bblies Kassel sind unter folgender Emailadresse zu erreichen:<\/span><\/strong><\/span><\/p>\n<p><span style=\"font-size: small;\"><strong><span style=\"font-family: verdana,geneva;\">Kontakt[at]wobblies-kassel.de<\/span><\/strong><\/span><br \/> oder <span style=\"font-size: small; font-family: verdana,geneva; color: #ff0000;\"><strong>Email-Kontakt:<\/strong><\/span> <span style=\"font-family: verdana,geneva; font-size: small;\"><strong><a title=\"Wobblies-Kassel\" href=\"mailto:kontakt@wobblies-kassel.de\">hier<\/a><\/strong><\/span><\/p>\n<p>\u00a0oder gleich hier:<\/p>\n\n<div class=\"wpcf7 no-js\" id=\"wpcf7-f539-o1\" lang=\"de-DE\" dir=\"ltr\" data-wpcf7-id=\"539\">\n<div class=\"screen-reader-response\"><p role=\"status\" aria-live=\"polite\" aria-atomic=\"true\"><\/p> <ul><\/ul><\/div>\n<form action=\"\/index.php?rest_route=%2Fwp%2Fv2%2Fpages%2F17#wpcf7-f539-o1\" method=\"post\" class=\"wpcf7-form init\" aria-label=\"Kontaktformular\" novalidate=\"novalidate\" data-status=\"init\">\n<fieldset class=\"hidden-fields-container\"><input type=\"hidden\" name=\"_wpcf7\" value=\"539\" \/><input type=\"hidden\" name=\"_wpcf7_version\" value=\"6.1.5\" \/><input type=\"hidden\" name=\"_wpcf7_locale\" value=\"de_DE\" \/><input type=\"hidden\" name=\"_wpcf7_unit_tag\" value=\"wpcf7-f539-o1\" \/><input type=\"hidden\" name=\"_wpcf7_container_post\" value=\"0\" \/><input type=\"hidden\" name=\"_wpcf7_posted_data_hash\" value=\"\" \/>\n<\/fieldset>\n<p>Dein Name: (Pflichtfeld)\n<\/p>\n<p><span class=\"wpcf7-form-control-wrap\" data-name=\"your-name\"><input size=\"40\" maxlength=\"400\" class=\"wpcf7-form-control wpcf7-text wpcf7-validates-as-required\" aria-required=\"true\" aria-invalid=\"false\" value=\"\" type=\"text\" name=\"your-name\" \/><\/span>\n<\/p>\n<p>Deine E-Mail-Adresse: (Pflichtfeld)\n<\/p>\n<p><span class=\"wpcf7-form-control-wrap\" data-name=\"your-email\"><input size=\"40\" maxlength=\"400\" class=\"wpcf7-form-control wpcf7-email wpcf7-validates-as-required wpcf7-text wpcf7-validates-as-email\" aria-required=\"true\" aria-invalid=\"false\" value=\"\" type=\"email\" name=\"your-email\" \/><\/span>\n<\/p>\n<p>Tel.:\n<\/p>\n<p><span class=\"wpcf7-form-control-wrap\" data-name=\"tel-731\"><input size=\"40\" maxlength=\"400\" class=\"wpcf7-form-control wpcf7-tel wpcf7-text wpcf7-validates-as-tel\" aria-invalid=\"false\" value=\"\" type=\"tel\" name=\"tel-731\" \/><\/span>\n<\/p>\n<p>Betreff:\n<\/p>\n<p><span class=\"wpcf7-form-control-wrap\" data-name=\"your-subject\"><input size=\"40\" maxlength=\"400\" class=\"wpcf7-form-control wpcf7-text\" aria-invalid=\"false\" value=\"\" type=\"text\" name=\"your-subject\" \/><\/span>\n<\/p>\n<p>Deine Nachricht:\n<\/p>\n<p><span class=\"wpcf7-form-control-wrap\" data-name=\"your-message\"><textarea cols=\"40\" rows=\"10\" maxlength=\"2000\" class=\"wpcf7-form-control wpcf7-textarea\" aria-invalid=\"false\" name=\"your-message\"><\/textarea><\/span>\n<\/p>\n<p><input class=\"wpcf7-form-control wpcf7-submit has-spinner\" type=\"submit\" value=\"Senden\" \/>\n<\/p><p style=\"display: none !important;\" class=\"akismet-fields-container\" data-prefix=\"_wpcf7_ak_\"><label>&#916;<textarea name=\"_wpcf7_ak_hp_textarea\" cols=\"45\" rows=\"8\" maxlength=\"100\"><\/textarea><\/label><input type=\"hidden\" id=\"ak_js_1\" name=\"_wpcf7_ak_js\" value=\"16\"\/><script>\ndocument.getElementById( \"ak_js_1\" ).setAttribute( \"value\", ( new Date() ).getTime() );\n<\/script>\n<\/p><div class=\"wpcf7-response-output\" aria-hidden=\"true\"><\/div>\n<\/form>\n<\/div>\n\n<div id=\"fb-root\"><\/div><script src=\"http:\/\/connect.facebook.net\/en_US\/all.js#xfbml=1\"><\/script><fb:like href=\"https:\/\/www.wobblies-kassel.de\/?page_id=17\" send=\"true\" layout=\"standard\" width=\"450\" show_faces=\"true\" font=\"verdana\" action=\"like\" colorscheme=\"light\"><\/fb:like>","protected":false},"excerpt":{"rendered":"<p>Willst Du die Wobblies kennenlernen? Willst Du einfach mehr \u00fcber uns wissen? Ben\u00f6tigst Du Informationen zu bestimmten uns betreffenden Fagen? Brauchst Du unsere Unterst\u00fctzung bei der Durchsetzung von Forderungen in Deinem Betrieb? Willst Du zu einem Treffen der Ortsguppe der Wobblies Kassel eingeladen werden? Willst Du Mitglied einer Organisation werden, die mehr ist als nur &hellip; <a href=\"https:\/\/www.wobblies-kassel.de\/?page_id=17\" class=\"more-link\"><span class=\"screen-reader-text\">Kontakt<\/span> weiterlesen <span class=\"meta-nav\">&rarr;<\/span><\/a><\/p>\n","protected":false},"author":1,"featured_media":0,"parent":0,"menu_order":0,"comment_status":"open","ping_status":"open","template":"","meta":{"footnotes":""},"class_list":["post-17","page","type-page","status-publish","hentry"],"_links":{"self":[{"href":"https:\/\/www.wobblies-kassel.de\/index.php?rest_route=\/wp\/v2\/pages\/17","targetHints":{"allow":["GET"]}}],"collection":[{"href":"https:\/\/www.wobblies-kassel.de\/index.php?rest_route=\/wp\/v2\/pages"}],"about":[{"href":"https:\/\/www.wobblies-kassel.de\/index.php?rest_route=\/wp\/v2\/types\/page"}],"author":[{"embeddable":true,"href":"https:\/\/www.wobblies-kassel.de\/index.php?rest_route=\/wp\/v2\/users\/1"}],"replies":[{"embeddable":true,"href":"https:\/\/www.wobblies-kassel.de\/index.php?rest_route=%2Fwp%2Fv2%2Fcomments&post=17"}],"version-history":[{"count":48,"href":"https:\/\/www.wobblies-kassel.de\/index.php?rest_route=\/wp\/v2\/pages\/17\/revisions"}],"predecessor-version":[{"id":611,"href":"https:\/\/www.wobblies-kassel.de\/index.php?rest_route=\/wp\/v2\/pages\/17\/revisions\/611"}],"wp:attachment":[{"href":"https:\/\/www.wobblies-kassel.de\/index.php?rest_route=%2Fwp%2Fv2%2Fmedia&parent=17"}],"curies":[{"name":"wp","href":"https:\/\/api.w.org\/{rel}","templated":true}]}}