{"id":13,"date":"2012-07-11T17:45:01","date_gmt":"2012-07-11T15:45:01","guid":{"rendered":"http:\/\/www.wobblies-kassel.de\/?page_id=13"},"modified":"2017-05-09T20:47:34","modified_gmt":"2017-05-09T18:47:34","slug":"impressum","status":"publish","type":"page","link":"https:\/\/www.wobblies-kassel.de\/?page_id=13","title":{"rendered":"Impressum"},"content":{"rendered":"<p style=\"text-align: justify;\"><span style=\"font-size: small; font-family: verdana,geneva;\">Herausgeber dieser Webseiten und inhaltlich verantwortlich gem. TDG\/MDStV:<br \/>\n Verantwortlich f\u00fcr den Inhalt nach \u00a7 55 Abs. 2 RStV:<br \/>\n <\/span><\/p>\n<p style=\"text-align: justify;\"><strong>IWW Wobblies Kassel<\/strong> <strong>&amp; Autoren der Beitr\u00e4ge<\/strong><\/p>\n<p style=\"text-align: justify;\"><span style=\"font-family: verdana,geneva; font-size: small;\">c\/o Rothe Ecke<br \/>\nNaumburger Str. 20a<\/span><br \/>\n <span style=\"font-family: verdana,geneva; font-size: small;\"> 34127 Kassel<br \/>\n <\/span><\/p>\n<p style=\"text-align: justify;\"><strong>E-Mail an<\/strong>: <strong><a title=\"Wobblies-Kassel\" href=\"mailto:webadmin@wobblies-kassel.de\">webadmin at wobblies-kassel dot de<\/a><\/strong><\/p>\n<p style=\"text-align: justify;\"><span style=\"font-size: small; font-family: verdana,geneva;\">Quelle: eRecht24, Rechtsanwalt f\u00fcr Internetrecht S\u00f6ren Siebert<\/span><\/p>\n<p style=\"text-align: justify;\"><span style=\"font-size: small; font-family: verdana,geneva;\"><strong>Haftungsausschluss:<\/strong><\/span><\/p>\n<p style=\"text-align: justify;\"><span style=\"font-size: small; font-family: verdana,geneva;\"><strong>Haftung f\u00fcr Inhalte<\/strong><\/span><\/p>\n<p style=\"text-align: left;\"><span style=\"font-size: small; font-family: verdana,geneva;\">Die Inhalte dieser Seiten wurden mit gr\u00f6\u00dfter Sorgfalt erstellt. F\u00fcr die Richtigkeit, Vollst\u00e4ndigkeit und Aktualit\u00e4t der Inhalte kann jedoch keine Gew\u00e4hr \u00fcbernommen. Als Betreiber dieser Website bin sind wir gem\u00e4\u00df \u00a7 7 Abs.1 TMG f\u00fcr eigene Inhalte auf diesen Seiten nach den allgemeinen Gesetzen verantwortlich. Nach \u00a7\u00a7 8 bis 10 TMG sind wir als Betreiber der Website jedoch nicht verpflichtet, \u00fcbermittelte oder gespeicherte fremde Informationen zu \u00fcberwachen oder nach Umst\u00e4nden zu forschen, die auf eine rechtswidrige T\u00e4tigkeit hinweisen. Verpflichtungen zur Entfernung oder Sperrung der Nutzung von Informationen nach den allgemeinen Gesetzen bleiben hiervon unber\u00fchrt. Eine diesbez\u00fcgliche Haftung ist jedoch erst ab dem Zeitpunkt der Kenntnis einer konkreten Rechtsverletzung m\u00f6glich. Bei Bekanntwerden von entsprechenden Rechtsverletzungen werden wir diese Inhalte umgehend entfernen.<\/span><\/p>\n<p style=\"text-align: left;\"><span style=\"font-size: small; font-family: verdana,geneva;\"><strong>Haftung f\u00fcr Links<\/strong><\/span><\/p>\n<p style=\"text-align: left;\"><span style=\"font-size: small; font-family: verdana,geneva;\">Unser Angebot enth\u00e4lt Links zu externen Webseiten Dritter, auf deren Inhalte wir keinen Einfluss habe. Deshalb k\u00f6nnen wir f\u00fcr diese fremden Inhalte auch keine Gew\u00e4hr \u00fcbernehmen. F\u00fcr die Inhalte der verlinkten Seiten ist stets der jeweilige Anbieter oder Betreiber der Seiten verantwortlich. Die verlinkten Seiten wurden zum Zeitpunkt der Verlinkung auf m\u00f6gliche Rechtsverst\u00f6\u00dfe \u00fcberpr\u00fcft. Rechtswidrige Inhalte waren zum Zeitpunkt der Verlinkung nicht erkennbar. Eine permanente inhaltliche Kontrolle der verlinkten Seiten ist jedoch ohne konkrete Anhaltspunkte einer Rechtsverletzung nicht zumutbar. Bei Bekanntwerden von Rechtsverletzungen werde ich derartige Links umgehend entfernen.<\/span><\/p>\n<p style=\"text-align: left;\"><span style=\"font-size: small; font-family: verdana,geneva;\"><strong>Urheberrecht<\/strong><\/span><\/p>\n<p style=\"text-align: left;\"><span style=\"font-size: small; font-family: verdana,geneva;\">Die durch den Seitenbetreiber erstellten Inhalte und Werke auf diesen Seiten unterliegen dem deutschen Urheberrecht. Die Vervielf\u00e4ltigung, Bearbeitung, Verbreitung und jede Art der Verwertung au\u00dferhalb der Grenzen des Urheberrechtes bed\u00fcrfen der schriftlichen Zustimmung des jeweiligen Autors bzw. Erstellers. Downloads und Kopien dieser Seite sind nur f\u00fcr den privaten, nicht kommerziellen Gebrauch gestattet. Soweit die Inhalte auf dieser Seite nicht vom Betreiber erstellt wurden, werden die Urheberrechte Dritter beachtet. Insbesondere werden Inhalte Dritter als solche gekennzeichnet. Sollten Sie trotzdem auf eine Urheberrechtsverletzung aufmerksam werden, bitten wir um einen entsprechenden Hinweis. Bei Bekanntwerden von Rechtsverletzungen werden wir derartige Inhalte umgehend entfernen.<\/span><\/p>\n<p style=\"text-align: left;\"><span style=\"font-size: small; font-family: verdana,geneva;\"><strong>Datenschutz<\/strong><\/span><\/p>\n<p style=\"text-align: left;\"><span style=\"font-size: small; font-family: verdana,geneva;\">Die Nutzung dieser Webseite ist in der Regel ohne Angabe personenbezogener Daten m\u00f6glich. Soweit auf diesen Seiten personenbezogene Daten (beispielsweise Name, Anschrift oder eMail-Adressen) erhoben werden, erfolgt dies, soweit m\u00f6glich, stets auf freiwilliger Basis. Diese Daten werden ohne Ihre ausdr\u00fcckliche Zustimmung nicht an Dritte weitergegeben.<\/span><\/p>\n<p style=\"text-align: left;\"><span style=\"font-size: small; font-family: verdana,geneva;\">Wir weisen jedoch ausdr\u00fccklich darauf hin, dass die Daten\u00fcbertragung im Internet (z.B. bei der Kommunikation per E-Mail) Sicherheitsl\u00fccken aufweisen kann. Ein l\u00fcckenloser Schutz der Daten vor dem Zugriff durch Dritte ist nicht m\u00f6glich.<\/span><\/p>\n<p style=\"text-align: left;\"><span style=\"font-size: small; font-family: verdana,geneva;\">Der Nutzung von im Rahmen der Impressumspflicht ver\u00f6ffentlichten Kontaktdaten durch Dritte zur \u00dcbersendung von nicht ausdr\u00fccklich angeforderter Werbung und Informationsmaterialien wird hiermit ausdr\u00fccklich widersprochen. Der Betreiber der Seiten behalten sich ausdr\u00fccklich rechtliche Schritte im Falle der unverlangten Zusendung von Werbeinformationen, etwa durch Spam-Mails, vor.<\/span><\/p>\n<p style=\"text-align: left;\"><span style=\"font-size: small; font-family: verdana,geneva;\"><strong>Datenschutzerkl\u00e4rung f\u00fcr die Nutzung von Facebook-Plugins<\/strong><\/span><br \/>\n <span style=\"font-size: small; font-family: verdana,geneva;\"> (Like-Button)<\/span><\/p>\n<p style=\"text-align: left;\"><span style=\"font-size: small; font-family: verdana,geneva;\">Auf unseren Seiten sind Plugins des sozialen Netzwerks Facebook, 1601 South California Avenue, Palo Alto, CA 94304, USA integriert. Die Facebook-Plugins erkennen Sie an dem Facebook-Logo oder dem \u201cLike-Button\u201d (\u201cGef\u00e4llt mir\u201d) auf unseren Seiten. Eine \u00dcbersicht \u00fcber die Facebook-Plugins finden Sie hier: <a href=\"http:\/\/developers.facebook.com\/docs\/plugins\/\" target=\"_blank\" rel=\"noopener noreferrer\">http:\/\/developers.facebook.com\/docs\/plugins\/<\/a>. Wenn Sie unsere Seiten besuchen, wird \u00fcber das Plugin eine direkte Verbindung zwischen Ihrem Browser und dem Facebook-Server hergestellt. Facebook erh\u00e4lt dadurch die Information, dass Sie mit Ihrer IP-Adresse unsere Seiten besucht haben. Wenn Sie den Facebook \u201cLike-Button\u201d anklicken w\u00e4hrend Sie in Ihrem Facebook-Account eingeloggt sind, k\u00f6nnen Sie die Inhalte unserer Seiten auf Ihrem Facebook-Profil verlinken. Dadurch kann Facebook den Besuch unserer Seiten Ihrem Benutzerkonto zuordnen. Wir weisen darauf hin, dass wir als Anbieter der Seiten keine Kenntnis vom Inhalt der \u00fcbermittelten Daten sowie deren Nutzung durch Facebook erhalte. Weitere Informationen hierzu finden Sie in der Datenschutzerkl\u00e4rung von facebook unter <a href=\"http:\/\/de-de.facebook.com\/policy.php\" target=\"_blank\" rel=\"noopener noreferrer\">http:\/\/de-de.facebook.com\/policy.php<\/a><\/span> <span style=\"font-size: small; font-family: verdana,geneva;\">Wenn Sie nicht w\u00fcnschen, dass Facebook den Besuch unserer Seiten Ihrem Facebook-Nutzerkonto zuordnen kann, loggen Sie sich bitte aus Ihrem Facebook-Benutzerkonto aus.<\/span><\/p>\n<p style=\"text-align: left;\"><span style=\"font-size: small; font-family: verdana,geneva;\"><strong>Datenschutzerkl\u00e4rung f\u00fcr die Nutzung von Google +1<\/strong><\/span><\/p>\n<p style=\"text-align: left;\"><span style=\"font-size: small; font-family: verdana,geneva;\">Erfassung und Weitergabe von Informationen: Mithilfe der Google +1-Schaltfl\u00e4che k\u00f6nnen Sie Informationen weltweit ver\u00f6ffentlichen. \u00fcber die Google +1-Schaltfl\u00e4che erhalten Sie und andere Nutzer personalisierte Inhalte von Google. Google speichert sowohl die Information, dass Sie f\u00fcr einen Inhalt +1 gegeben haben, als auch Informationen \u00fcber die Seite, die Sie beim Klicken auf +1 angesehen haben. Ihre +1 k\u00f6nnen als Hinweise zusammen mit Ihrem Profilnamen und Ihrem Foto in Google-Diensten, wie etwa in Suchergebnissen oder in Ihrem Google-Profil, oder an anderen Stellen auf Websites und Anzeigen im Internet eingeblendet werden. Google zeichnet Informationen \u00fcber Ihre +1-Aktivit\u00e4ten auf, um die Google-Dienste f\u00fcr Sie und andere zu verbessern. Um die Google +1-Schaltfl\u00e4che verwenden zu k\u00f6nnen, ben\u00f6tigen Sie ein weltweit sichtbares, \u00f6ffentliches Google-Profil, das zumindest den f\u00fcr das Profil gew\u00e4hlten Namen enthalten muss. Dieser Name wird in allen Google-Diensten verwendet. In manchen F\u00e4llen kann dieser Name auch einen anderen Namen ersetzen, den Sie beim Teilen von Inhalten \u00fcber Ihr Google-Konto verwendet haben. Die Identit\u00e4t Ihres Google-Profils kann Nutzern angezeigt werden, die Ihre E-Mail-Adresse kennen oder \u00fcber andere identifizierende Informationen von Ihnen verf\u00fcgen.<\/span><\/p>\n<p style=\"text-align: left;\"><span style=\"font-size: small; font-family: verdana,geneva;\"><strong>Verwendung der erfassten Informationen:<\/strong><\/span><\/p>\n<p style=\"text-align: left;\"><span style=\"font-size: small; font-family: verdana,geneva;\">Neben den oben erl\u00e4uterten Verwendungszwecken werden die von Ihnen bereitgestellten Informationen gem\u00e4\u00df den geltenden Google-Datenschutzbestimmungen genutzt. Google ver\u00f6ffentlicht m\u00f6glicherweise zusammengefasste Statistiken \u00fcber die +1-Aktivit\u00e4ten der Nutzer bzw. gibt diese an Nutzer und Partner weiter, wie etwa Publisher, Inserenten oder verbundene Websites.<\/span><\/p>\n<p style=\"text-align: left;\"><span style=\"font-size: small; font-family: verdana,geneva;\"><strong>Datenschutzerkl\u00e4rung f\u00fcr die Nutzung von Twitter<\/strong><\/span><\/p>\n<p style=\"text-align: left;\"><span style=\"font-size: small; font-family: verdana,geneva;\">Auf unseren Seiten sind Funktionen des Dienstes Twitter eingebunden. Diese Funktionen werden angeboten durch die Twitter Inc., 795 Folsom St., Suite 600, San Francisco, CA 94107, USA. Durch das Benutzen von Twitter und der Funktion \u201cRe-Tweet\u201d werden die von Ihnen besuchten Webseiten mit Ihrem Twitter-Account verkn\u00fcpft und anderen Nutzern bekannt gegeben. Dabei werden auch Daten an Twitter \u00fcbertragen.<\/span><\/p>\n<p style=\"text-align: left;\"><span style=\"font-size: small; font-family: verdana,geneva;\">Wir weisen darauf hin, dass wir als Betreiber der Seiten keine Kenntnis vom Inhalt der \u00fcbermittelten Daten sowie deren Nutzung durch Twitter erhalten. Weitere Informationen hierzu finden Sie in der Datenschutzerkl\u00e4rung von Twitter unter <a href=\"http:\/\/twitter.com\/privacy\" target=\"_blank\" rel=\"noopener noreferrer\">http:\/\/twitter.com\/privacy<\/a>. Ihre Datenschutzeinstellungen bei Twitter k\u00f6nnen Sie in den Konto-Einstellungen unter<\/span> <span style=\"font-size: small; font-family: verdana,geneva;\"><a href=\"http:\/\/twitter.com\/account\/settings\" target=\"_blank\" rel=\"noopener noreferrer\">http:\/\/twitter.com\/account\/settings<\/a> \u00e4ndern.<\/span><\/p>\n<p style=\"text-align: left;\"><span style=\"font-size: small; font-family: verdana,geneva;\"><strong>Quellen:<\/strong> Disclaimer von eRecht24, dem Portal zum Internetrecht von Rechtsanwalt S\u00f6ren Siebert, eRecht24 Facebook Datenschutzerkl\u00e4rung, Google Analytics Bedingungen, Google Adsense Haftungsausschluss, Datenschutzerkl\u00e4rung f\u00fcr Google +1, Twitter Bedingungen<\/span><\/p>\n<p style=\"text-align: left;\"><strong>I<span style=\"font-family: verdana,geneva; font-size: small;\">nformationen gem\u00e4\u00df \u00a7 6 TDG (Teledienstgesetz)<\/span><\/strong><\/p>\n<p style=\"text-align: left;\"><strong><span style=\"font-family: verdana,geneva; font-size: small;\">Gew\u00e4hrleistungsausschluss:<\/span><\/strong><\/p>\n<p style=\"text-align: left;\"><span style=\"font-family: verdana,geneva; font-size: small;\"> Die Inhalte auf dieser Website wurden sorgf\u00e4ltig \u00fcberpr\u00fcft und beruhen auf dem jeweils aktuellen Stand. Trotz st\u00e4ndiger \u00dcberarbeitung der Website kann keine Haftung oder Garantie f\u00fcr Aktualit\u00e4t, Richtigkeit und Vollst\u00e4ndigkeit der bereitgestellten Informationen \u00fcbernommen werden. Die auf der Website zur Verf\u00fcgung gestellten Dokumente und Grafiken k\u00f6nnen Ungenauigkeiten und typografische Fehler enthalten. Die IWW Kassel beh\u00e4lt sich daher vorher, jederzeit und ohne Vorank\u00fcndigung Dokumente und Grafiken zu korrigieren und zu aktualisieren.<\/span><\/p>\n<p style=\"text-align: left;\"><strong><span style=\"font-family: verdana,geneva; font-size: small;\"> Links zu anderen Websites:<\/span><\/strong><\/p>\n<p style=\"text-align: left;\"><span style=\"font-family: verdana,geneva; font-size: small;\"> Wenn Sie den \u00fcber diese Seiten erreichbaren Links folgen, verlassen Sie das Angebot der IWW Kassel. Die IWW Kassel \u00fcbernimmt weder Verantwortung f\u00fcr die Richtigkeit der auf der angesteuerten Website bereitgestellten Informationen, noch macht sie sich deren Inhalt zu Eigen oder teilt unbedingt die dort vertretenen Meinungen. Diese Erkl\u00e4rung gilt f\u00fcr alle Links und f\u00fcr alle Inhalte der Seiten, zu denen die bei der IWW Kassel angemeldeten Banner und Links f\u00fchren, einschlie\u00dflich der enthaltenen Meinungen und Informationen mit allen Postings. Die IWW Kassel \u00fcbernimmt insoweit keine Haftung.<\/span><\/p>\n<p style=\"text-align: left;\"><strong><span style=\"font-family: verdana,geneva; font-size: small;\"> Haftungsausschluss:<\/span><\/strong><\/p>\n<p style=\"text-align: left;\"><span style=\"font-family: verdana,geneva; font-size: small;\"> Soweit nicht zwingende gesetzliche Regelungen oder andere ausdr\u00fcckliche Vereinbarungen entgegen stehen, \u00fcbernimmt die IWW Kassel keine Haftung f\u00fcr irgendwelche direkten oder indirekten Sch\u00e4den, Folgesch\u00e4den oder sonstige Sch\u00e4den, die sich aus der Nutzung dieser oder einer damit verlinkten Website ergeben.<\/span><\/p>\n<p style=\"text-align: left;\"><strong><span style=\"font-family: verdana,geneva; font-size: small;\"> Copyright:<\/span><\/strong><\/p>\n<p style=\"text-align: left;\"><span style=\"font-family: verdana,geneva; font-size: small;\"> Inhalte, Gestaltung und Struktur sind gedankliches Eigentum der jeweiligen Urheber. Alle Bestandteile dieser Website sind urheberrechtlich gesch\u00fctzt. Die Vervielf\u00e4ltigung oder die Verwendung von Texten, Textteilen, Bildern oder Logos bedarf der vorherigen schriftlichen Zustimmung des jeweiligen Urhebers.<\/span><\/p>\n<p style=\"text-align: left;\"><strong> <span style=\"font-family: verdana,geneva; font-size: small;\"> Anwendbares Recht:<\/span><\/strong><\/p>\n<p style=\"text-align: left;\"><span style=\"font-family: verdana,geneva; font-size: small;\"> F\u00fcr die Nutzung der Website gilt ausschlie\u00dflich deutsches Recht. Gerichtsstand ist Hessen.<\/span><\/p>\n<p style=\"text-align: left;\"><span style=\"font-family: verdana,geneva; font-size: small;\"> Das Landgericht Hamburg hat mit Urteil vom 12.05.1998 entschieden, dass man durch die Ausbringung eines Links die Inhalte der gelinkten Seite ggf. mit zu verantworten hat. Dies kann \u2013 so das LG \u2013 nur dadurch verhindert werden, dass man sich ausdr\u00fccklich von diesen Inhalten distanziert:<\/span><\/p>\n<p style=\"text-align: left;\"><strong><span style=\"font-family: verdana,geneva; font-size: small;\">Inhalt des Onlineangebotes<\/span><\/strong><\/p>\n<p style=\"text-align: left;\"><span style=\"font-family: verdana,geneva; font-size: small;\"> Der Autor \u00fcbernimmt keinerlei Gew\u00e4hr f\u00fcr die Aktualit\u00e4t, Korrektheit, Vollst\u00e4ndigkeit oder Qualit\u00e4t der bereitgestellten Informationen. Haftungsanspr\u00fcche gegen den Autor, welche sich auf Sch\u00e4den materieller oder ideeller Art beziehen, die durch die Nutzung oder Nichtnutzung der dargebotenen Informationen bzw. durch die Nutzung fehlerhafter und unvollst\u00e4ndiger Informationen verursacht wurden, sind grunds\u00e4tzlich ausgeschlossen, sofern seitens des Autors kein nachweislich vors\u00e4tzliches oder grob fahrl\u00e4ssiges Verschulden vorliegt.<\/span><\/p>\n<p style=\"text-align: left;\"><span style=\"font-family: verdana,geneva; font-size: small;\"> Alle Angebote sind freibleibend und unverbindlich. Der Autor beh\u00e4lt es sich ausdr\u00fccklich vor, Teile der Seiten oder das gesamte Angebot ohne gesonderte Ank\u00fcndigung zu ver\u00e4ndern, zu erg\u00e4nzen, zu l\u00f6schen oder die Ver\u00f6ffentlichung zeitweise oder endg\u00fcltig einzustellen.<\/span><\/p>\n<p style=\"text-align: left;\"><strong><span style=\"font-family: verdana,geneva; font-size: small;\"> Verweise und Links<\/span><\/strong><\/p>\n<p style=\"text-align: left;\"><span style=\"font-family: verdana,geneva; font-size: small;\"> Bei direkten oder indirekten Verweisen auf fremde Webseiten (\u201eHyperlinks\u201c), die au\u00dferhalb des Verantwortungsbereiches des Autors liegen, w\u00fcrde eine Haftungsverpflichtung ausschlie\u00dflich in dem Fall in Kraft treten, in dem der Autor von den Inhalten Kenntnis hat und es ihm technisch m\u00f6glich und zumutbar w\u00e4re, die Nutzung im Falle rechtswidriger Inhalte zu verhindern.<\/span><\/p>\n<p style=\"text-align: left;\"><span style=\"font-family: verdana,geneva; font-size: small;\"> Der Autor erkl\u00e4rt hiermit ausdr\u00fccklich, dass zum Zeitpunkt der Linksetzung keine illegalen Inhalte auf den zu verlinkenden Seiten erkennbar waren. Auf die aktuelle und zuk\u00fcnftige Gestaltung, die Inhalte oder die Urheberschaft der gelinkten\/verkn\u00fcpften Seiten hat der Autor keinerlei Einfluss. Deshalb distanziert er sich hiermit ausdr\u00fccklich von allen Inhalten aller gelinkten \/ verkn\u00fcpften Seiten, die nach der Linksetzung ver\u00e4ndert wurden. Diese Feststellung gilt f\u00fcr alle innerhalb des eigenen Internetangebotes gesetzten Links und Verweise sowie f\u00fcr Fremdeintr\u00e4ge in vom Autor eingerichteten G\u00e4steb\u00fcchern, Diskussionsforen und Mailinglisten. F\u00fcr illegale, fehlerhafte oder unvollst\u00e4ndige Inhalte und insbesondere f\u00fcr Sch\u00e4den, die aus der Nutzung oder Nichtnutzung solcherart dargebotener Informationen entstehen, haftet allein der Anbieter der Seite, auf welche verwiesen wurde, nicht derjenige, der \u00fcber Links auf die jeweilige Ver\u00f6ffentlichung lediglich verweist.<\/span><\/p>\n<p style=\"text-align: left;\"><strong><span style=\"font-family: verdana,geneva; font-size: small;\"> Urheber- und Kennzeichenrecht<\/span><\/strong><\/p>\n<p style=\"text-align: left;\"><span style=\"font-family: verdana,geneva; font-size: small;\"> Der Autor ist bestrebt, in allen Publikationen die Urheberrechte der verwendeten Grafiken, Tondokumente, Videosequenzen und Texte zu beachten, von ihm selbst erstellte Grafiken, Tondokumente, Videosequenzen und Texte zu nutzen oder auf lizenzfreie Grafiken, Tondokumente, Videosequenzen und Texte zur\u00fcckzugreifen.<\/span><\/p>\n<p style=\"text-align: left;\"><span style=\"font-family: verdana,geneva; font-size: small;\"> Alle innerhalb des Internetangebotes genannten und ggf. durch Dritte gesch\u00fctzten Marken- und Warenzeichen unterliegen uneingeschr\u00e4nkt den Bestimmungen des jeweils g\u00fcltigen Kennzeichenrechts und den Besitzrechten der jeweiligen eingetragenen Eigent\u00fcmer. Allein aufgrund der blo\u00dfen Nennung ist nicht der Schluss zu ziehen, dass Markenzeichen nicht durch Rechte Dritter gesch\u00fctzt sind!<\/span><\/p>\n<p style=\"text-align: left;\"><span style=\"font-family: verdana,geneva; font-size: small;\"> Das Copyright f\u00fcr ver\u00f6ffentlichte, vom Autor selbst erstellte Objekte bleibt allein beim Autor der Seiten. Eine Vervielf\u00e4ltigung oder Verwendung solcher Grafiken, Tondokumente, Videosequenzen und Texte in anderen elektronischen oder gedruckten Publikationen ist ohne ausdr\u00fcckliche Zustimmung des Autors nicht gestattet.<\/span><\/p>\n<p style=\"text-align: left;\"><strong><span style=\"font-family: verdana,geneva; font-size: small;\"> Datenschutz<\/span><\/strong><\/p>\n<p style=\"text-align: left;\"><span style=\"font-family: verdana,geneva; font-size: small;\"> Sofern innerhalb des Internetangebotes die M\u00f6glichkeit zur Eingabe pers\u00f6nlicher oder gesch\u00e4ftlicher Daten (Emailadressen,Namen, Anschriften) besteht, so erfolgt die Preisgabe dieser Daten seitens des Nutzers auf ausdr\u00fccklich freiwilliger Basis. Die Inanspruchnahme und Bezahlung aller angebotenen Dienste ist \u2013 soweit technisch m\u00f6glich und zumutbar \u2013 auch ohne Angabe solcher Daten bzw. unter Angabe anonymisierter Daten oder eines Pseudonyms gestattet. Die Nutzung der im Rahmen des Impressums oder vergleichbarer Angaben ver\u00f6ffentlichten Kontaktdaten wie Postanschriften, Telefon- und Faxnummern sowie Emailadressen durch Dritte zur \u00dcbersendung von nicht ausdr\u00fccklich angeforderten Informationen ist nicht gestattet. Rechtliche Schritte gegen die Versender von sogenannten Spam-Mails bei Verst\u00f6ssen gegen dieses Verbot sind ausdr\u00fccklich vorbehalten.<\/span><br \/>\n <span style=\"font-family: verdana,geneva; font-size: small;\"> Rechtswirksamkeit dieses Haftungsausschlusses<\/span><\/p>\n<p style=\"text-align: left;\"><span style=\"font-family: verdana,geneva; font-size: small;\"> Dieser Haftungsausschluss ist als Teil des Internetangebotes zu betrachten, von dem aus auf diese Seite verwiesen wurde.<\/span> <span style=\"font-family: verdana,geneva; font-size: small;\">Sofern Teile oder einzelne Formulierungen dieses Textes der geltenden Rechtslage nicht, nicht mehr oder nicht vollst\u00e4ndig entsprechen sollten, bleiben die \u00fcbrigen Teile des Dokumentes in ihrem Inhalt und ihrer G\u00fcltigkeit davon unber\u00fchrt.<\/span><\/p>\n<p style=\"text-align: left;\"><span style=\"font-family: verdana,geneva; font-size: small;\"> = = = = =<\/span><\/p>\n<p style=\"text-align: left;\"><strong><span style=\"font-family: verdana,geneva; font-size: small;\"> Hinweis zur Gestaltung der Seiten<\/span><\/strong><\/p>\n<p style=\"text-align: left;\"><span style=\"font-family: verdana,geneva; font-size: small;\"> Die IWW Wobblies Kassel streben eine Gestaltung der Internetseite an, die auf m\u00f6glichst jedem noch irgendwie funktionsf\u00e4higen PC auch mit langsamer Internetverbindung darstellbar ist. Auch f\u00fcr Menschen mit Sehbehinderungen sollen die Informationen m\u00f6glichst deutlich und \u00fcbersichtlich dargestellt werden. Wir verzichten auf jegliche grafische Spielereien, die nicht diesem Zweck dienen.<\/span><br \/>\n <span style=\"font-family: verdana,geneva; font-size: small;\"> Wo die Seiten noch nicht diesem Anspruch gen\u00fcgen: Wir arbeiten dran und freuen uns \u00fcber jede Anregung.\u00a0<\/span><\/p>\n<p style=\"text-align: right;\"><span style=\"font-family: verdana,geneva; font-size: small;\"><strong>Copyright \u00a9 by Manfred Alter<\/strong><\/span><br \/>\n <span style=\"font-size: small; font-family: verdana,geneva;\">c\/o Rothe Ecke<br \/>\nNaumburger Str. 20a<br \/>\n 34127 Kassel<\/span><br \/>\n <span style=\"font-family: verdana,geneva; font-size: small;\"> <strong><a title=\"Gegen Macht und Herrschaft\" href=\"http:\/\/www.alterweb.de\" target=\"_blank\" rel=\"noopener noreferrer\">Blog: Gegen Macht und Herrschaft<\/a><\/strong><\/span><\/p>\n<div id=\"fb-root\"><\/div><script src=\"http:\/\/connect.facebook.net\/en_US\/all.js#xfbml=1\"><\/script><fb:like href=\"https:\/\/www.wobblies-kassel.de\/?page_id=13\" send=\"true\" layout=\"standard\" width=\"450\" show_faces=\"true\" font=\"verdana\" action=\"like\" colorscheme=\"light\"><\/fb:like>","protected":false},"excerpt":{"rendered":"<p>Herausgeber dieser Webseiten und inhaltlich verantwortlich gem. TDG\/MDStV: Verantwortlich f\u00fcr den Inhalt nach \u00a7 55 Abs. 2 RStV: IWW Wobblies Kassel &amp; Autoren der Beitr\u00e4ge c\/o Rothe Ecke Naumburger Str. 20a 34127 Kassel E-Mail an: webadmin at wobblies-kassel dot de Quelle: eRecht24, Rechtsanwalt f\u00fcr Internetrecht S\u00f6ren Siebert Haftungsausschluss: Haftung f\u00fcr Inhalte Die Inhalte dieser Seiten &hellip; <a href=\"https:\/\/www.wobblies-kassel.de\/?page_id=13\" class=\"more-link\"><span class=\"screen-reader-text\">Impressum<\/span> weiterlesen <span class=\"meta-nav\">&rarr;<\/span><\/a><\/p>\n","protected":false},"author":1,"featured_media":0,"parent":0,"menu_order":0,"comment_status":"open","ping_status":"open","template":"","meta":{"footnotes":""},"class_list":["post-13","page","type-page","status-publish","hentry"],"_links":{"self":[{"href":"https:\/\/www.wobblies-kassel.de\/index.php?rest_route=\/wp\/v2\/pages\/13","targetHints":{"allow":["GET"]}}],"collection":[{"href":"https:\/\/www.wobblies-kassel.de\/index.php?rest_route=\/wp\/v2\/pages"}],"about":[{"href":"https:\/\/www.wobblies-kassel.de\/index.php?rest_route=\/wp\/v2\/types\/page"}],"author":[{"embeddable":true,"href":"https:\/\/www.wobblies-kassel.de\/index.php?rest_route=\/wp\/v2\/users\/1"}],"replies":[{"embeddable":true,"href":"https:\/\/www.wobblies-kassel.de\/index.php?rest_route=%2Fwp%2Fv2%2Fcomments&post=13"}],"version-history":[{"count":33,"href":"https:\/\/www.wobblies-kassel.de\/index.php?rest_route=\/wp\/v2\/pages\/13\/revisions"}],"predecessor-version":[{"id":845,"href":"https:\/\/www.wobblies-kassel.de\/index.php?rest_route=\/wp\/v2\/pages\/13\/revisions\/845"}],"wp:attachment":[{"href":"https:\/\/www.wobblies-kassel.de\/index.php?rest_route=%2Fwp%2Fv2%2Fmedia&parent=13"}],"curies":[{"name":"wp","href":"https:\/\/api.w.org\/{rel}","templated":true}]}}